{"id":233,"date":"2020-03-05T16:55:39","date_gmt":"2020-03-05T16:55:39","guid":{"rendered":"https:\/\/www.kalbermatter.edu.pe\/?page_id=233"},"modified":"2020-03-05T16:55:39","modified_gmt":"2020-03-05T16:55:39","slug":"resolucion-de-creacion","status":"publish","type":"page","link":"https:\/\/www.kalbermatter.edu.pe\/index.php\/resolucion-de-creacion\/","title":{"rendered":"Resoluci\u00f3n de creaci\u00f3n"},"content":{"rendered":"\n<p>\n<strong>PRIMERA\nRESOLUCI\u00d3N DE CREACI\u00d3N<\/strong><\/p>\n\n\n\n<p> Resoluci\u00f3n Directoral zonal N\u00b0 1363-DZE 73, de fecha 27 -12 \u2013 1977, que autoriza la apertura y funcionamiento del C.E. particular adventista de educaci\u00f3n b\u00e1sica regular de I y II ciclos de Bellavista.<\/p>\n\n\n\n<p>\n<strong>SEGUNDA\nRESOLUCI\u00d3N DIRECTORAL DE AMPLIACI\u00d3N DE NIVELES EDUCATIVOS.<\/strong><\/p>\n\n\n\n<p>Resoluci\u00f3n Directoral  N\u00b0 143-  1989, de fecha 08 \u2013 06 &#8211; 1989, se cambia de nombre nuestro Centro Educativo llamado: Colegio no estatal adventista \u201cBellavista\u201d con los nivele de educaci\u00f3n primaria y secundaria de menores. <\/p>\n\n\n\n<p>\n<strong>TERCEERA\nRESOLUCI\u00d3N DIRECTORAL DE CAMBIO DE NOMBRE.<\/strong><\/p>\n\n\n\n<p>Resoluci\u00f3n Directoral N\u00b0 0347-1989, de fecha 21 \u2013 08 \u2013 1989, donde se modifica el nombre de nuestro centro educativo llamado: colegio no estatal adventista \u201cPedro Kalbermatter\u201d de Juliaca.<\/p>\n\n\n\n<p>\n<strong>CUARTA\nRESOLUCION DERECTORAL DE FUNCIONAMIENTO DEL NIVEL INICIAL.<\/strong><\/p>\n\n\n\n<p>Resoluci\u00f3n\nDirectoral N\u00b0 1476-2013-DREP, de fecha 24-09-2013, se autoriza el\nfuncionamiento del nivel inicial 03,04,05 a\u00f1os.<\/p>\n\n\n\n<p> <\/p>\n<!-- AddThis Advanced Settings generic via filter on the_content --><!-- AddThis Share Buttons generic via filter on the_content -->","protected":false},"excerpt":{"rendered":"<p>PRIMERA RESOLUCI\u00d3N DE CREACI\u00d3N Resoluci\u00f3n Directoral zonal N\u00b0 1363-DZE 73, de fecha 27 -12 \u2013 1977, que autoriza la apertura y funcionamiento del C.E. particular adventista de educaci\u00f3n b\u00e1sica regular de I y II ciclos de Bellavista. SEGUNDA RESOLUCI\u00d3N DIRECTORAL DE AMPLIACI\u00d3N DE NIVELES EDUCATIVOS. Resoluci\u00f3n Directoral N\u00b0 143- 1989, [&hellip;]<!-- AddThis Advanced Settings generic via filter on get_the_excerpt --><!-- AddThis Share Buttons generic via filter on get_the_excerpt --><\/p>\n","protected":false},"author":1,"featured_media":0,"parent":0,"menu_order":0,"comment_status":"closed","ping_status":"closed","template":"","meta":{"footnotes":""},"class_list":["post-233","page","type-page","status-publish","hentry"],"_links":{"self":[{"href":"https:\/\/www.kalbermatter.edu.pe\/index.php\/wp-json\/wp\/v2\/pages\/233","targetHints":{"allow":["GET"]}}],"collection":[{"href":"https:\/\/www.kalbermatter.edu.pe\/index.php\/wp-json\/wp\/v2\/pages"}],"about":[{"href":"https:\/\/www.kalbermatter.edu.pe\/index.php\/wp-json\/wp\/v2\/types\/page"}],"author":[{"embeddable":true,"href":"https:\/\/www.kalbermatter.edu.pe\/index.php\/wp-json\/wp\/v2\/users\/1"}],"replies":[{"embeddable":true,"href":"https:\/\/www.kalbermatter.edu.pe\/index.php\/wp-json\/wp\/v2\/comments?post=233"}],"version-history":[{"count":1,"href":"https:\/\/www.kalbermatter.edu.pe\/index.php\/wp-json\/wp\/v2\/pages\/233\/revisions"}],"predecessor-version":[{"id":234,"href":"https:\/\/www.kalbermatter.edu.pe\/index.php\/wp-json\/wp\/v2\/pages\/233\/revisions\/234"}],"wp:attachment":[{"href":"https:\/\/www.kalbermatter.edu.pe\/index.php\/wp-json\/wp\/v2\/media?parent=233"}],"curies":[{"name":"wp","href":"https:\/\/api.w.org\/{rel}","templated":true}]}}