{"id":85,"date":"2020-02-26T06:04:06","date_gmt":"2020-02-26T06:04:06","guid":{"rendered":"https:\/\/www.kalbermatter.edu.pe\/?page_id=85"},"modified":"2020-03-05T14:40:18","modified_gmt":"2020-03-05T14:40:18","slug":"mision-y-vision","status":"publish","type":"page","link":"https:\/\/www.kalbermatter.edu.pe\/index.php\/mision-y-vision\/","title":{"rendered":"Misi\u00f3n y Visi\u00f3n"},"content":{"rendered":"\n<h2 class=\"wp-block-heading\">Misi\u00f3n<\/h2>\n\n\n\n<p> Somos una Instituci\u00f3n Educativa Adventista, que impulsa una educaci\u00f3n integral, fundamentada en principios y valores cristianos formando estudiantes competentes al servicio de Dios y la humanidad.<\/p>\n\n\n\n<h2 class=\"wp-block-heading\">Visi\u00f3n<\/h2>\n\n\n\n<p> Ser una Instituci\u00f3n Educativa acreditada, competente e innovadora, que ofrezca una educaci\u00f3n transformadora en base a valores cristianos para esta vida y la eternidad\u201d.<\/p>\n<!-- AddThis Advanced Settings generic via filter on the_content --><!-- AddThis Share Buttons generic via filter on the_content -->","protected":false},"excerpt":{"rendered":"<p>Misi\u00f3n Somos una Instituci\u00f3n Educativa Adventista, que impulsa una educaci\u00f3n integral, fundamentada en principios y valores cristianos formando estudiantes competentes al servicio de Dios y la humanidad. Visi\u00f3n Ser una Instituci\u00f3n Educativa acreditada, competente e innovadora, que ofrezca una educaci\u00f3n transformadora en base a valores cristianos para esta vida y [&hellip;]<!-- AddThis Advanced Settings generic via filter on get_the_excerpt --><!-- AddThis Share Buttons generic via filter on get_the_excerpt --><\/p>\n","protected":false},"author":1,"featured_media":0,"parent":0,"menu_order":0,"comment_status":"closed","ping_status":"closed","template":"","meta":{"footnotes":""},"class_list":["post-85","page","type-page","status-publish","hentry"],"_links":{"self":[{"href":"https:\/\/www.kalbermatter.edu.pe\/index.php\/wp-json\/wp\/v2\/pages\/85","targetHints":{"allow":["GET"]}}],"collection":[{"href":"https:\/\/www.kalbermatter.edu.pe\/index.php\/wp-json\/wp\/v2\/pages"}],"about":[{"href":"https:\/\/www.kalbermatter.edu.pe\/index.php\/wp-json\/wp\/v2\/types\/page"}],"author":[{"embeddable":true,"href":"https:\/\/www.kalbermatter.edu.pe\/index.php\/wp-json\/wp\/v2\/users\/1"}],"replies":[{"embeddable":true,"href":"https:\/\/www.kalbermatter.edu.pe\/index.php\/wp-json\/wp\/v2\/comments?post=85"}],"version-history":[{"count":2,"href":"https:\/\/www.kalbermatter.edu.pe\/index.php\/wp-json\/wp\/v2\/pages\/85\/revisions"}],"predecessor-version":[{"id":163,"href":"https:\/\/www.kalbermatter.edu.pe\/index.php\/wp-json\/wp\/v2\/pages\/85\/revisions\/163"}],"wp:attachment":[{"href":"https:\/\/www.kalbermatter.edu.pe\/index.php\/wp-json\/wp\/v2\/media?parent=85"}],"curies":[{"name":"wp","href":"https:\/\/api.w.org\/{rel}","templated":true}]}}