{"id":87,"date":"2020-02-26T06:04:28","date_gmt":"2020-02-26T06:04:28","guid":{"rendered":"https:\/\/www.kalbermatter.edu.pe\/?page_id=87"},"modified":"2020-03-05T14:42:53","modified_gmt":"2020-03-05T14:42:53","slug":"valores-institucionales","status":"publish","type":"page","link":"https:\/\/www.kalbermatter.edu.pe\/index.php\/valores-institucionales\/","title":{"rendered":"Valores institucionales"},"content":{"rendered":"\n<ol class=\"wp-block-list\"><li><strong>El respeto<\/strong> es uno de los valores m\u00e1s importantes que debemos cultivar desde el hogar y la escuela, con nuestra familia, amigos y todas las personas que est\u00e1n a nuestro alrededor. En la escuela el respeto debe servir como gu\u00eda en las situaciones de interacci\u00f3n que se dan entre los estudiantes, entre los profesores, entre los directivos, entre los estudiantes y los profesores, entre los padres y los profesores.  <\/li><li><strong>La solidaridad<\/strong> es principalmente sentir empat\u00eda y demostrarla por las causas justas. La solidaridad no es solamente un sentimiento circunstancial y voluble. Es una actitud frente a la vida, realizada de forma constante, razonable y desprendida, en beneficio del pr\u00f3jimo, la cual siempre repercute favorablemente en quien la ejerce. <\/li><li> <strong>El servicio <\/strong>el servicio habla de nuestro sentido de colaboraci\u00f3n para hacer la vida m\u00e1s placentera a los dem\u00e1s. La persona servicial ayuda a los dem\u00e1s de manera espont\u00e1nea, en una actitud permanente de colaboraci\u00f3n. Es importante inculcar este valor en nuestros ni\u00f1os para que en el futuro sirvan a otros con alegr\u00eda como parte de su vida diaria. <\/li><li> <strong>La Integridad <\/strong>es la manifestaci\u00f3n y desarrollo de todas las dimensiones de la vida espiritual, social, emotiva, f\u00edsica e intelectual, manteniendo el eje central que es Jes\u00fas, de tal manera que la persona act\u00faa y responde a sus acciones a cabalidad. <\/li><li><strong>Compromiso<\/strong> es entender, aceptar y vivir las verdades del reino de Dios que establece en nosotros la convicci\u00f3n de asumir con pasi\u00f3n la responsabilidad de cumplir la misi\u00f3n. <\/li><\/ol>\n<!-- AddThis Advanced Settings generic via filter on the_content --><!-- AddThis Share Buttons generic via filter on the_content -->","protected":false},"excerpt":{"rendered":"<p>El respeto es uno de los valores m\u00e1s importantes que debemos cultivar desde el hogar y la escuela, con nuestra familia, amigos y todas las personas que est\u00e1n a nuestro alrededor. En la escuela el respeto debe servir como gu\u00eda en las situaciones de interacci\u00f3n que se dan entre los [&hellip;]<!-- AddThis Advanced Settings generic via filter on get_the_excerpt --><!-- AddThis Share Buttons generic via filter on get_the_excerpt --><\/p>\n","protected":false},"author":1,"featured_media":0,"parent":0,"menu_order":0,"comment_status":"closed","ping_status":"closed","template":"","meta":{"footnotes":""},"class_list":["post-87","page","type-page","status-publish","hentry"],"_links":{"self":[{"href":"https:\/\/www.kalbermatter.edu.pe\/index.php\/wp-json\/wp\/v2\/pages\/87","targetHints":{"allow":["GET"]}}],"collection":[{"href":"https:\/\/www.kalbermatter.edu.pe\/index.php\/wp-json\/wp\/v2\/pages"}],"about":[{"href":"https:\/\/www.kalbermatter.edu.pe\/index.php\/wp-json\/wp\/v2\/types\/page"}],"author":[{"embeddable":true,"href":"https:\/\/www.kalbermatter.edu.pe\/index.php\/wp-json\/wp\/v2\/users\/1"}],"replies":[{"embeddable":true,"href":"https:\/\/www.kalbermatter.edu.pe\/index.php\/wp-json\/wp\/v2\/comments?post=87"}],"version-history":[{"count":2,"href":"https:\/\/www.kalbermatter.edu.pe\/index.php\/wp-json\/wp\/v2\/pages\/87\/revisions"}],"predecessor-version":[{"id":164,"href":"https:\/\/www.kalbermatter.edu.pe\/index.php\/wp-json\/wp\/v2\/pages\/87\/revisions\/164"}],"wp:attachment":[{"href":"https:\/\/www.kalbermatter.edu.pe\/index.php\/wp-json\/wp\/v2\/media?parent=87"}],"curies":[{"name":"wp","href":"https:\/\/api.w.org\/{rel}","templated":true}]}}